{"id":2,"date":"2019-04-30T16:31:10","date_gmt":"2019-04-30T16:31:10","guid":{"rendered":"http:\/\/limbach.tennis\/?page_id=2"},"modified":"2026-04-21T15:26:53","modified_gmt":"2026-04-21T14:26:53","slug":"sample-page","status":"publish","type":"page","link":"https:\/\/limbach.tennis\/","title":{"rendered":"Willkommen beim TC Limbach!"},"content":{"rendered":"\n<figure class=\"wp-block-image size-large is-resized\"><img loading=\"lazy\" decoding=\"async\" width=\"1024\" height=\"267\" src=\"http:\/\/limbach.tennis\/wp-content\/uploads\/2022\/03\/IMG-20200509-WA0003-1024x267.jpg\" alt=\"\" class=\"wp-image-713\" style=\"width:840px;height:219px\" srcset=\"https:\/\/limbach.tennis\/wp-content\/uploads\/2022\/03\/IMG-20200509-WA0003-1024x267.jpg 1024w, https:\/\/limbach.tennis\/wp-content\/uploads\/2022\/03\/IMG-20200509-WA0003-300x78.jpg 300w, https:\/\/limbach.tennis\/wp-content\/uploads\/2022\/03\/IMG-20200509-WA0003-768x200.jpg 768w, https:\/\/limbach.tennis\/wp-content\/uploads\/2022\/03\/IMG-20200509-WA0003.jpg 1320w\" sizes=\"auto, (max-width: 1024px) 100vw, 1024px\" \/><\/figure>\n\n\n\n<p><strong>Herzlich willkommen beim Tennisclub Limbach!&nbsp;<\/strong><\/p>\n\n\n\n<p>Mit derzeit 271 Mitgliedern, 6 Au\u00dfenpl\u00e4tzen und einer 45-j\u00e4hrigen Vereinsgeschichte geh\u00f6rt der Tennisclub Limbach zu den 15 gr\u00f6\u00dften Tennisvereinen im Saarland. Von Montag bis Freitag trainieren 26 gemeldete Mannschaften auf der Anlage neben der Dorfhalle im Herzen von Limbach. Unser brandneuer sechster Platz steht ab letztem Fr\u00fchjahr zur Verf\u00fcgung. Zudem spielen mit unseren Damen 40 und den Herren 30, erstmals in der Geschichte des Vereins, Teams in der Oberliga. <\/p>\n\n\n\n<p><a href=\"http:\/\/limbach.tennis\/wp-content\/uploads\/2023\/05\/Kleidung.jpg\" target=\"_blank\" rel=\"noreferrer noopener\">Hier<\/a> geht es zu unserer Vereinsbekleidung.<\/p>\n\n\n\n<p>Seit Sommer 2022 nehmen wir auch am Ligabetrieb der Sparte Beach-Tennis teil. Seit 2023 sogar mit 2 Teams, bei den Aktiven (Verbandsliga) und bei den 40ern (Saarlandliga). Leider m\u00fcssen wir aus diversen Gr\u00fcnden unsere &#8222;Heimspiele&#8220; in St. Ingbert austragen, sind aber auf einem guten Weg eine dauerhafte Spiel- und Trainingsm\u00f6glichkeit in Clubn\u00e4he anbieten zu k\u00f6nnen. Hier ist wirklich jeder willkommen, der Lust hat diese neue Sportart auszuprobieren. Interessenten k\u00f6nnen sich gerne direkt an Sportwart Marco \u00d6sterreicher oder Coach Pascal Benz (A-Lizenz Tennistrainer) wenden.<\/p>\n\n\n\n<p>Wenn ihr mehr wissen wollt, kommt einfach vorbei oder schickt uns eine Mail an info@limbach.tennis!<\/p>\n\n\n\n<p>Unsere Tennisanlage befindet sich in der Gartenstr. 30 in 66459 Limbach.<\/p>\n\n\n\n<p>Wir freuen uns \u00fcber euren Besuch!<\/p>\n\n\n\n<p>Der Vorstand des Tennisclub Limbach e.V.<\/p>\n\n\n\n<p><strong>Unsere n\u00e4chsten Termine:<\/strong><\/p>\n\n\n\n<p><a href=\"https:\/\/nuudel.digitalcourage.de\/So4iiC6B6ovzPUby\" target=\"_blank\" rel=\"noreferrer noopener\">Arbeitseins\u00e4tze<\/a><\/p>\n\n\n\n<p><\/p>\n\n\n\n<p><\/p>\n\n\n\n<p><\/p>\n","protected":false},"excerpt":{"rendered":"<p class=\"qua-blog-post-description\">Herzlich willkommen beim Tennisclub Limbach!&nbsp; Mit derzeit 271 Mitgliedern, 6 Au\u00dfenpl\u00e4tzen und einer 45-j\u00e4hrigen Vereinsgeschichte geh\u00f6rt der Tennisclub Limbach zu den 15 gr\u00f6\u00dften Tennisvereinen im Saarland. Von Montag bis Freitag trainieren 26 gemeldete Mannschaften auf der Anlage neben der Dorfhalle im Herzen von Limbach. Unser brandneuer sechster Platz steht ab letztem Fr\u00fchjahr zur Verf\u00fcgung. Zudem<\/p>\n<p class=\"qua-blog-post-description\"><a href=\"https:\/\/limbach.tennis\/#more-2\" class=\"more-link\">Weiterlesen<\/a><\/p>\n","protected":false},"author":3,"featured_media":0,"parent":0,"menu_order":0,"comment_status":"closed","ping_status":"open","template":"","meta":{"footnotes":""},"class_list":["post-2","page","type-page","status-publish","hentry"],"_links":{"self":[{"href":"https:\/\/limbach.tennis\/index.php\/wp-json\/wp\/v2\/pages\/2","targetHints":{"allow":["GET"]}}],"collection":[{"href":"https:\/\/limbach.tennis\/index.php\/wp-json\/wp\/v2\/pages"}],"about":[{"href":"https:\/\/limbach.tennis\/index.php\/wp-json\/wp\/v2\/types\/page"}],"author":[{"embeddable":true,"href":"https:\/\/limbach.tennis\/index.php\/wp-json\/wp\/v2\/users\/3"}],"replies":[{"embeddable":true,"href":"https:\/\/limbach.tennis\/index.php\/wp-json\/wp\/v2\/comments?post=2"}],"version-history":[{"count":113,"href":"https:\/\/limbach.tennis\/index.php\/wp-json\/wp\/v2\/pages\/2\/revisions"}],"predecessor-version":[{"id":1167,"href":"https:\/\/limbach.tennis\/index.php\/wp-json\/wp\/v2\/pages\/2\/revisions\/1167"}],"wp:attachment":[{"href":"https:\/\/limbach.tennis\/index.php\/wp-json\/wp\/v2\/media?parent=2"}],"curies":[{"name":"wp","href":"https:\/\/api.w.org\/{rel}","templated":true}]}}