{"id":401,"date":"2019-05-03T16:00:25","date_gmt":"2019-05-03T14:00:25","guid":{"rendered":"http:\/\/limbach.tennis\/?page_id=401"},"modified":"2023-04-11T14:40:53","modified_gmt":"2023-04-11T13:40:53","slug":"veranstaltungen","status":"publish","type":"page","link":"https:\/\/limbach.tennis\/index.php\/veranstaltungen\/","title":{"rendered":"Veranstaltungen"},"content":{"rendered":"\n<p>12. M\u00e4rz 2022 ab 13 Uhr: <a href=\"https:\/\/limbach.tennis\/index.php\/neujahrsempfang-und-einweihung-verkaufswagen-2022\/\">Neujahrsempfang mit Waffeln und Cr\u00eapes an der Anlage<\/a><\/p>\n\n\n\n<p>Arbeitseins\u00e4tze<\/p>\n\n\n\n<p>In den Wintermonaten Athletik- und Intervalltraining jeden Sonntag um 15 Uhr in der Turnhalle der Grundschule Altstadt<\/p>\n\n\n\n<p>24. April 2022: Saisoner\u00f6ffnung mit Schleifchenturnier ab 10 Uhr Jugend, ab 13 Uhr Erwachsene <\/p>\n\n\n\n<p><a href=\"https:\/\/limbach.tennis\/index.php\/maimarkt-2022\/\" target=\"_blank\" rel=\"noreferrer noopener\">Maimarkt 2022<\/a><\/p>\n\n\n\n<p>09. September 2022 um 19.30 Uhr: Mitgliederversammlung im Bistro\/in der Dorfhalle<\/p>\n\n\n\n<p>25. bis 29. Juli 2022: <a rel=\"noreferrer noopener\" href=\"http:\/\/limbach.tennis\/wp-content\/uploads\/2022\/03\/Sommercamp-2022-Limbach-Erwachsene.jpg\" target=\"_blank\">Tenniscamp<\/a> mit <a rel=\"noreferrer noopener\" href=\"https:\/\/tennisnetwork.de\" target=\"_blank\">Pascal Benz und seinem Team<\/a><\/p>\n\n\n\n<p>09. Oktober 2022: Saisonabschluss f\u00fcr Gro\u00df und Klein mit Grillen und Schleifchenturnier<\/p>\n\n\n\n<p>Zimtwaffelbacken zugunsten Platz 6 <a href=\"https:\/\/limbach.tennis\/index.php\/zimtwaffelbacken\/\" target=\"_blank\" rel=\"noreferrer noopener\">(Bilder)<\/a><\/p>\n\n\n\n<p><a rel=\"noreferrer noopener\" href=\"https:\/\/limbach.tennis\/index.php\/weihnachtsfeier-2022-inkl-tn-cup\/\" target=\"_blank\">Weihnachtsfeier<\/a> mit <a rel=\"noreferrer noopener\" href=\"https:\/\/tennisnetwork.de\/\" target=\"_blank\">TennisNetwork <\/a>2022 in Wellesweiler (<a rel=\"noreferrer noopener\" href=\"https:\/\/limbach.tennis\/index.php\/weihnachtsfeier-2022-inkl-tn-cup\/\" target=\"_blank\">Bilder<\/a>)<\/p>\n\n\n\n<p>Ostercamp 2023 in Playa de Aro mit <a rel=\"noreferrer noopener\" href=\"https:\/\/tennisnetwork.de\/\" target=\"_blank\">TennisNetwork<\/a> (<a rel=\"noreferrer noopener\" href=\"https:\/\/limbach.tennis\/index.php\/tenniscamp-playa-de-aro-2023\/\" target=\"_blank\">Bilder<\/a>)<\/p>\n\n\n\n<p>Jahreshauptversammlung + Saisoner\u00f6ffnung: 23. April 2023 10:30 Uhr im Bistro<\/p>\n","protected":false},"excerpt":{"rendered":"<p class=\"qua-blog-post-description\">12. M\u00e4rz 2022 ab 13 Uhr: Neujahrsempfang mit Waffeln und Cr\u00eapes an der Anlage Arbeitseins\u00e4tze In den Wintermonaten Athletik- und Intervalltraining jeden Sonntag um 15 Uhr in der Turnhalle der Grundschule Altstadt 24. April 2022: Saisoner\u00f6ffnung mit Schleifchenturnier ab 10 Uhr Jugend, ab 13 Uhr Erwachsene Maimarkt 2022 09. September 2022 um 19.30 Uhr: Mitgliederversammlung<\/p>\n<p class=\"qua-blog-post-description\"><a href=\"https:\/\/limbach.tennis\/index.php\/veranstaltungen\/#more-401\" class=\"more-link\">Weiterlesen<\/a><\/p>\n","protected":false},"author":3,"featured_media":0,"parent":0,"menu_order":0,"comment_status":"closed","ping_status":"closed","template":"","meta":{"footnotes":""},"class_list":["post-401","page","type-page","status-publish","hentry"],"_links":{"self":[{"href":"https:\/\/limbach.tennis\/index.php\/wp-json\/wp\/v2\/pages\/401","targetHints":{"allow":["GET"]}}],"collection":[{"href":"https:\/\/limbach.tennis\/index.php\/wp-json\/wp\/v2\/pages"}],"about":[{"href":"https:\/\/limbach.tennis\/index.php\/wp-json\/wp\/v2\/types\/page"}],"author":[{"embeddable":true,"href":"https:\/\/limbach.tennis\/index.php\/wp-json\/wp\/v2\/users\/3"}],"replies":[{"embeddable":true,"href":"https:\/\/limbach.tennis\/index.php\/wp-json\/wp\/v2\/comments?post=401"}],"version-history":[{"count":26,"href":"https:\/\/limbach.tennis\/index.php\/wp-json\/wp\/v2\/pages\/401\/revisions"}],"predecessor-version":[{"id":1048,"href":"https:\/\/limbach.tennis\/index.php\/wp-json\/wp\/v2\/pages\/401\/revisions\/1048"}],"wp:attachment":[{"href":"https:\/\/limbach.tennis\/index.php\/wp-json\/wp\/v2\/media?parent=401"}],"curies":[{"name":"wp","href":"https:\/\/api.w.org\/{rel}","templated":true}]}}